{"id":3123,"date":"2016-07-12T10:12:08","date_gmt":"2016-07-12T10:12:08","guid":{"rendered":"http:\/\/finance.omnicom-dev.com\/main-demo\/?page_id=15"},"modified":"2024-09-28T13:45:08","modified_gmt":"2024-09-28T13:45:08","slug":"hakkimizda","status":"publish","type":"page","link":"https:\/\/www.ersanmachine.com\/en\/hakkimizda\/","title":{"rendered":"About us"},"content":{"rendered":"\t\t<div data-elementor-type=\"wp-page\" data-elementor-id=\"3123\" class=\"elementor elementor-3123\" data-elementor-post-type=\"page\">\n\t\t\t\t\t\t<section class=\"elementor-section elementor-top-section elementor-element elementor-element-763d824 elementor-section-boxed elementor-section-height-default elementor-section-height-default\" data-id=\"763d824\" data-element_type=\"section\" data-e-type=\"section\" data-settings=\"{&quot;jet_parallax_layout_list&quot;:[{&quot;jet_parallax_layout_image&quot;:{&quot;url&quot;:&quot;&quot;,&quot;id&quot;:&quot;&quot;,&quot;size&quot;:&quot;&quot;},&quot;_id&quot;:&quot;94efb26&quot;,&quot;jet_parallax_layout_image_tablet&quot;:{&quot;url&quot;:&quot;&quot;,&quot;id&quot;:&quot;&quot;,&quot;size&quot;:&quot;&quot;},&quot;jet_parallax_layout_image_mobile&quot;:{&quot;url&quot;:&quot;&quot;,&quot;id&quot;:&quot;&quot;,&quot;size&quot;:&quot;&quot;},&quot;jet_parallax_layout_speed&quot;:{&quot;unit&quot;:&quot;%&quot;,&quot;size&quot;:50,&quot;sizes&quot;:[]},&quot;jet_parallax_layout_type&quot;:&quot;scroll&quot;,&quot;jet_parallax_layout_direction&quot;:null,&quot;jet_parallax_layout_fx_direction&quot;:null,&quot;jet_parallax_layout_z_index&quot;:&quot;&quot;,&quot;jet_parallax_layout_bg_x&quot;:50,&quot;jet_parallax_layout_bg_x_tablet&quot;:&quot;&quot;,&quot;jet_parallax_layout_bg_x_mobile&quot;:&quot;&quot;,&quot;jet_parallax_layout_bg_y&quot;:50,&quot;jet_parallax_layout_bg_y_tablet&quot;:&quot;&quot;,&quot;jet_parallax_layout_bg_y_mobile&quot;:&quot;&quot;,&quot;jet_parallax_layout_bg_size&quot;:&quot;auto&quot;,&quot;jet_parallax_layout_bg_size_tablet&quot;:&quot;&quot;,&quot;jet_parallax_layout_bg_size_mobile&quot;:&quot;&quot;,&quot;jet_parallax_layout_animation_prop&quot;:&quot;transform&quot;,&quot;jet_parallax_layout_on&quot;:[&quot;desktop&quot;,&quot;tablet&quot;]}]}\">\n\t\t\t\t\t\t<div class=\"elementor-container elementor-column-gap-default\">\n\t\t\t\t\t<div class=\"elementor-column elementor-col-50 elementor-top-column elementor-element elementor-element-887d66d\" data-id=\"887d66d\" data-element_type=\"column\" data-e-type=\"column\">\n\t\t\t<div class=\"elementor-widget-wrap elementor-element-populated\">\n\t\t\t\t\t\t<div class=\"elementor-element elementor-element-bdeed39 elementor-widget elementor-widget-heading\" data-id=\"bdeed39\" data-element_type=\"widget\" data-e-type=\"widget\" data-widget_type=\"heading.default\">\n\t\t\t\t<div class=\"elementor-widget-container\">\n\t\t\t\t\t<h1 class=\"elementor-heading-title elementor-size-xl\">Hakk\u0131m\u0131zda<\/h1>\t\t\t\t<\/div>\n\t\t\t\t<\/div>\n\t\t\t\t<div class=\"elementor-element elementor-element-8c54cff elementor-widget elementor-widget-text-editor\" data-id=\"8c54cff\" data-element_type=\"widget\" data-e-type=\"widget\" data-widget_type=\"text-editor.default\">\n\t\t\t\t<div class=\"elementor-widget-container\">\n\t\t\t\t\t\t\t\t\t<strong>1995<\/strong> y\u0131l\u0131nda kurulmu\u015f olan \u015firketimiz <strong>ERSAN SAN.MAM.\u0130ZO.CAM MAK. \u0130TH.\u0130RH.SAN T\u0130C.LTD.\u015eT\u0130. <\/strong>ithal makinelerin kurulum ve bak\u0131mlar\u0131 ile yedek par\u00e7alar\u0131n\u0131n \u00fcretimi konusunda uzmanl\u0131k kazanm\u0131\u015ft\u0131r.\n\n<strong>2000<\/strong> y\u0131l\u0131nda \u0131s\u0131 yal\u0131t\u0131ml\u0131 cam makinelerinin projelendirme \u00e7abalar\u0131n\u0131n ard\u0131ndan itibariyle <strong>ERSAN<\/strong> markas\u0131 alt\u0131nda \u00fcretimine ge\u00e7ilmi\u015ftir. Yurt i\u00e7i ve yurtd\u0131\u015f\u0131 fuarlar arac\u0131l\u0131\u011f\u0131yla makinelerini m\u00fc\u015fterilerinin be\u011fenisine sunan <strong>ERSAN CAM MAK\u0130NA <\/strong>yo\u011fun ilgi ve talep ile kar\u015f\u0131la\u015fm\u0131\u015ft\u0131r.\n\n\u00c7e\u015fitli \u00fclkelerde yap\u0131lm\u0131\u015f olan bayilik antla\u015fmalar\u0131yla yurtd\u0131\u015f\u0131ndaki m\u00fc\u015fterilerimizin sat\u0131\u015f ve sat\u0131\u015f sonras\u0131 hizmetlerini de zaman\u0131nda ve sorunsuz olarak yerine getirmektedir.\n\n\t\t\t\t\t\t\t\t<\/div>\n\t\t\t\t<\/div>\n\t\t\t\t\t<\/div>\n\t\t<\/div>\n\t\t\t\t<div class=\"elementor-column elementor-col-50 elementor-top-column elementor-element elementor-element-fa6d37c\" data-id=\"fa6d37c\" data-element_type=\"column\" data-e-type=\"column\">\n\t\t\t<div class=\"elementor-widget-wrap elementor-element-populated\">\n\t\t\t\t\t\t<div class=\"elementor-element elementor-element-55c0318 elementor-widget__width-initial elementor-widget elementor-widget-video\" data-id=\"55c0318\" data-element_type=\"widget\" data-e-type=\"widget\" data-settings=\"{&quot;video_type&quot;:&quot;hosted&quot;,&quot;controls&quot;:&quot;yes&quot;}\" data-widget_type=\"video.default\">\n\t\t\t\t<div class=\"elementor-widget-container\">\n\t\t\t\t\t\t\t<div class=\"e-hosted-video elementor-wrapper elementor-open-inline\">\n\t\t\t\t\t<video class=\"elementor-video\" src=\"https:\/\/www.ersanmachine.com\/wp-content\/uploads\/2024\/09\/\u2018\u2018Ersan-Cam-Makinenin-Kurumsal-Tarihi.mp4\" controls=\"\" preload=\"metadata\" controlsList=\"nodownload\"><\/video>\n\t\t\t\t<\/div>\n\t\t\t\t\t\t<\/div>\n\t\t\t\t<\/div>\n\t\t\t\t\t<\/div>\n\t\t<\/div>\n\t\t\t\t\t<\/div>\n\t\t<\/section>\n\t\t\t\t<\/div>\n\t\t","protected":false},"excerpt":{"rendered":"<p>\t\t\t\tCapitalise on low hanging fruit to identify a ballpark value added activity to beta test. Override the digital divide with additional clickthroughs.\t\t<\/p>","protected":false},"author":2,"featured_media":1898,"parent":0,"menu_order":0,"comment_status":"closed","ping_status":"closed","template":"","meta":{"footnotes":""},"class_list":["post-3123","page","type-page","status-publish","has-post-thumbnail","hentry"],"_links":{"self":[{"href":"https:\/\/www.ersanmachine.com\/en\/wp-json\/wp\/v2\/pages\/3123","targetHints":{"allow":["GET"]}}],"collection":[{"href":"https:\/\/www.ersanmachine.com\/en\/wp-json\/wp\/v2\/pages"}],"about":[{"href":"https:\/\/www.ersanmachine.com\/en\/wp-json\/wp\/v2\/types\/page"}],"author":[{"embeddable":true,"href":"https:\/\/www.ersanmachine.com\/en\/wp-json\/wp\/v2\/users\/2"}],"replies":[{"embeddable":true,"href":"https:\/\/www.ersanmachine.com\/en\/wp-json\/wp\/v2\/comments?post=3123"}],"version-history":[{"count":10,"href":"https:\/\/www.ersanmachine.com\/en\/wp-json\/wp\/v2\/pages\/3123\/revisions"}],"predecessor-version":[{"id":4157,"href":"https:\/\/www.ersanmachine.com\/en\/wp-json\/wp\/v2\/pages\/3123\/revisions\/4157"}],"wp:featuredmedia":[{"embeddable":true,"href":"https:\/\/www.ersanmachine.com\/en\/wp-json\/wp\/v2\/media\/1898"}],"wp:attachment":[{"href":"https:\/\/www.ersanmachine.com\/en\/wp-json\/wp\/v2\/media?parent=3123"}],"curies":[{"name":"wp","href":"https:\/\/api.w.org\/{rel}","templated":true}]}}