{"id":3246,"date":"2020-12-18T12:53:56","date_gmt":"2020-12-18T12:53:56","guid":{"rendered":"https:\/\/ersanmachine.com\/?page_id=3246"},"modified":"2021-01-24T11:45:21","modified_gmt":"2021-01-24T11:45:21","slug":"kalite-ve-guvence","status":"publish","type":"page","link":"https:\/\/www.ersanmachine.com\/en\/kalite-ve-guvence\/","title":{"rendered":"Quality and Assurance"},"content":{"rendered":"\t\t<div data-elementor-type=\"wp-page\" data-elementor-id=\"3246\" class=\"elementor elementor-3246\" data-elementor-post-type=\"page\">\n\t\t\t\t\t\t<section class=\"elementor-section elementor-top-section elementor-element elementor-element-0ede545 elementor-section-boxed elementor-section-height-default elementor-section-height-default\" data-id=\"0ede545\" data-element_type=\"section\" data-e-type=\"section\" data-settings=\"{&quot;jet_parallax_layout_list&quot;:[{&quot;jet_parallax_layout_image&quot;:{&quot;url&quot;:&quot;&quot;,&quot;id&quot;:&quot;&quot;,&quot;size&quot;:&quot;&quot;},&quot;_id&quot;:&quot;56a5cac&quot;,&quot;jet_parallax_layout_image_tablet&quot;:{&quot;url&quot;:&quot;&quot;,&quot;id&quot;:&quot;&quot;,&quot;size&quot;:&quot;&quot;},&quot;jet_parallax_layout_image_mobile&quot;:{&quot;url&quot;:&quot;&quot;,&quot;id&quot;:&quot;&quot;,&quot;size&quot;:&quot;&quot;},&quot;jet_parallax_layout_speed&quot;:{&quot;unit&quot;:&quot;%&quot;,&quot;size&quot;:50,&quot;sizes&quot;:[]},&quot;jet_parallax_layout_type&quot;:&quot;scroll&quot;,&quot;jet_parallax_layout_direction&quot;:null,&quot;jet_parallax_layout_fx_direction&quot;:null,&quot;jet_parallax_layout_z_index&quot;:&quot;&quot;,&quot;jet_parallax_layout_bg_x&quot;:50,&quot;jet_parallax_layout_bg_y&quot;:50,&quot;jet_parallax_layout_bg_size&quot;:&quot;auto&quot;,&quot;jet_parallax_layout_animation_prop&quot;:&quot;transform&quot;,&quot;jet_parallax_layout_on&quot;:[&quot;desktop&quot;,&quot;tablet&quot;],&quot;jet_parallax_layout_bg_x_tablet&quot;:&quot;&quot;,&quot;jet_parallax_layout_bg_x_mobile&quot;:&quot;&quot;,&quot;jet_parallax_layout_bg_y_tablet&quot;:&quot;&quot;,&quot;jet_parallax_layout_bg_y_mobile&quot;:&quot;&quot;,&quot;jet_parallax_layout_bg_size_tablet&quot;:&quot;&quot;,&quot;jet_parallax_layout_bg_size_mobile&quot;:&quot;&quot;}]}\">\n\t\t\t\t\t\t<div class=\"elementor-container elementor-column-gap-default\">\n\t\t\t\t\t<div class=\"elementor-column elementor-col-66 elementor-top-column elementor-element elementor-element-7497925\" data-id=\"7497925\" data-element_type=\"column\" data-e-type=\"column\">\n\t\t\t<div class=\"elementor-widget-wrap elementor-element-populated\">\n\t\t\t\t\t\t<div class=\"elementor-element elementor-element-106d0de elementor-widget elementor-widget-heading\" data-id=\"106d0de\" data-element_type=\"widget\" data-e-type=\"widget\" data-widget_type=\"heading.default\">\n\t\t\t\t<div class=\"elementor-widget-container\">\n\t\t\t\t\t<h1 class=\"elementor-heading-title elementor-size-xl\">Kalite ve G\u00fcvence<\/h1>\t\t\t\t<\/div>\n\t\t\t\t<\/div>\n\t\t\t\t\t<\/div>\n\t\t<\/div>\n\t\t\t\t<div class=\"elementor-column elementor-col-33 elementor-top-column elementor-element elementor-element-93bd3d6\" data-id=\"93bd3d6\" data-element_type=\"column\" data-e-type=\"column\">\n\t\t\t<div class=\"elementor-widget-wrap\">\n\t\t\t\t\t\t\t<\/div>\n\t\t<\/div>\n\t\t\t\t\t<\/div>\n\t\t<\/section>\n\t\t\t\t<section class=\"elementor-section elementor-top-section elementor-element elementor-element-f69dcb6 elementor-section-boxed elementor-section-height-default elementor-section-height-default\" data-id=\"f69dcb6\" data-element_type=\"section\" data-e-type=\"section\" data-settings=\"{&quot;jet_parallax_layout_list&quot;:[{&quot;jet_parallax_layout_image&quot;:{&quot;url&quot;:&quot;&quot;,&quot;id&quot;:&quot;&quot;,&quot;size&quot;:&quot;&quot;},&quot;_id&quot;:&quot;271cadc&quot;,&quot;jet_parallax_layout_image_tablet&quot;:{&quot;url&quot;:&quot;&quot;,&quot;id&quot;:&quot;&quot;,&quot;size&quot;:&quot;&quot;},&quot;jet_parallax_layout_image_mobile&quot;:{&quot;url&quot;:&quot;&quot;,&quot;id&quot;:&quot;&quot;,&quot;size&quot;:&quot;&quot;},&quot;jet_parallax_layout_speed&quot;:{&quot;unit&quot;:&quot;%&quot;,&quot;size&quot;:50,&quot;sizes&quot;:[]},&quot;jet_parallax_layout_type&quot;:&quot;scroll&quot;,&quot;jet_parallax_layout_direction&quot;:null,&quot;jet_parallax_layout_fx_direction&quot;:null,&quot;jet_parallax_layout_z_index&quot;:&quot;&quot;,&quot;jet_parallax_layout_bg_x&quot;:50,&quot;jet_parallax_layout_bg_y&quot;:50,&quot;jet_parallax_layout_bg_size&quot;:&quot;auto&quot;,&quot;jet_parallax_layout_animation_prop&quot;:&quot;transform&quot;,&quot;jet_parallax_layout_on&quot;:[&quot;desktop&quot;,&quot;tablet&quot;],&quot;jet_parallax_layout_bg_x_tablet&quot;:&quot;&quot;,&quot;jet_parallax_layout_bg_x_mobile&quot;:&quot;&quot;,&quot;jet_parallax_layout_bg_y_tablet&quot;:&quot;&quot;,&quot;jet_parallax_layout_bg_y_mobile&quot;:&quot;&quot;,&quot;jet_parallax_layout_bg_size_tablet&quot;:&quot;&quot;,&quot;jet_parallax_layout_bg_size_mobile&quot;:&quot;&quot;}]}\">\n\t\t\t\t\t\t<div class=\"elementor-container elementor-column-gap-default\">\n\t\t\t\t\t<div class=\"elementor-column elementor-col-50 elementor-top-column elementor-element elementor-element-f6f6704\" data-id=\"f6f6704\" data-element_type=\"column\" data-e-type=\"column\">\n\t\t\t<div class=\"elementor-widget-wrap elementor-element-populated\">\n\t\t\t\t\t\t<div class=\"elementor-element elementor-element-16822d2 elementor-widget elementor-widget-text-editor\" data-id=\"16822d2\" data-element_type=\"widget\" data-e-type=\"widget\" data-widget_type=\"text-editor.default\">\n\t\t\t\t<div class=\"elementor-widget-container\">\n\t\t\t\t\t\t\t\t\t<p><span class=\"TextRun Highlight SCXW91459230 BCX0\" lang=\"TR-TR\" xml:lang=\"TR-TR\" data-contrast=\"none\"><span class=\"NormalTextRun SCXW91459230 BCX0\">M\u00fc\u015fteri odakl\u0131 \u00e7al\u0131\u015fma k\u00fclt\u00fcr\u00fcn\u00fc benimsemi\u015f bir firma olarak; m\u00fc\u015fteri memnuniyetini en \u00fcst seviyede tutmak birinci \u00f6nceli\u011fimizdir.<\/span><\/span><span class=\"TextRun Highlight SCXW91459230 BCX0\" lang=\"TR-TR\" xml:lang=\"TR-TR\" data-contrast=\"none\"><span class=\"NormalTextRun SCXW91459230 BCX0\">\u00a0<\/span><\/span><span class=\"TextRun Highlight SCXW91459230 BCX0\" lang=\"TR-TR\" xml:lang=\"TR-TR\" data-contrast=\"none\"><span class=\"NormalTextRun SCXW91459230 BCX0\">Bu\u00a0<\/span><\/span><span class=\"TextRun Highlight SCXW91459230 BCX0\" lang=\"TR-TR\" xml:lang=\"TR-TR\" data-contrast=\"none\"><span class=\"NormalTextRun SCXW91459230 BCX0\">sebeple\u00a0<\/span><\/span><span class=\"TextRun Highlight SCXW91459230 BCX0\" lang=\"TR-TR\" xml:lang=\"TR-TR\" data-contrast=\"none\"><span class=\"NormalTextRun SCXW91459230 BCX0\">t\u00fcm s\u00fcre\u00e7lerimizi kaliteden \u00f6d<\/span><\/span><span class=\"TextRun Highlight SCXW91459230 BCX0\" lang=\"TR-TR\" xml:lang=\"TR-TR\" data-contrast=\"none\"><span class=\"NormalTextRun SCXW91459230 BCX0\">\u00fcn vermeden ger\u00e7ekle\u015ftiriyoruz<\/span><\/span><span class=\"TextRun Highlight SCXW91459230 BCX0\" lang=\"TR-TR\" xml:lang=\"TR-TR\" data-contrast=\"none\"><span class=\"NormalTextRun SCXW91459230 BCX0\">.<\/span><\/span><span class=\"LineBreakBlob BlobObject DragDrop SCXW91459230 BCX0\"><span class=\"SCXW91459230 BCX0\">\u00a0<\/span><br class=\"SCXW91459230 BCX0\" \/><\/span><span class=\"TextRun Highlight SCXW91459230 BCX0\" lang=\"TR-TR\" xml:lang=\"TR-TR\" data-contrast=\"none\"><span class=\"NormalTextRun SCXW91459230 BCX0\">\u202f<\/span><\/span><span class=\"LineBreakBlob BlobObject DragDrop SCXW91459230 BCX0\"><span class=\"SCXW91459230 BCX0\">\u00a0<\/span><br class=\"SCXW91459230 BCX0\" \/><\/span><span class=\"TextRun Highlight SCXW91459230 BCX0\" lang=\"TR-TR\" xml:lang=\"TR-TR\" data-contrast=\"none\"><span class=\"NormalTextRun SCXW91459230 BCX0\">D\u00fcnya markas\u0131 olan \u00e7\u00f6z\u00fcm ortaklar\u0131m\u0131z ile; \u00fcr\u00fcnlerimizde en kaliteli\u00a0<\/span><\/span><span class=\"TextRun Highlight SCXW91459230 BCX0\" lang=\"TR-TR\" xml:lang=\"TR-TR\" data-contrast=\"none\"><span class=\"SpellingError SCXW91459230 BCX0\">kompanent<\/span><\/span><span class=\"TextRun Highlight SCXW91459230 BCX0\" lang=\"TR-TR\" xml:lang=\"TR-TR\" data-contrast=\"none\"><span class=\"NormalTextRun SCXW91459230 BCX0\">\u00a0ve malzemeleri\u00a0<\/span><\/span><span class=\"TextRun Highlight SCXW91459230 BCX0\" lang=\"TR-TR\" xml:lang=\"TR-TR\" data-contrast=\"none\"><span class=\"SpellingError SCXW91459230 BCX0\">kullanmaktay\u0131z.Tedarik\u00e7i<\/span><\/span><span class=\"TextRun Highlight SCXW91459230 BCX0\" lang=\"TR-TR\" xml:lang=\"TR-TR\" data-contrast=\"none\"><span class=\"NormalTextRun SCXW91459230 BCX0\">\u00a0<\/span><\/span><span class=\"TextRun Highlight SCXW91459230 BCX0\" lang=\"TR-TR\" xml:lang=\"TR-TR\" data-contrast=\"none\"><span class=\"SpellingError SCXW91459230 BCX0\">perfomans<\/span><\/span><span class=\"TextRun Highlight SCXW91459230 BCX0\" lang=\"TR-TR\" xml:lang=\"TR-TR\" data-contrast=\"none\"><span class=\"NormalTextRun SCXW91459230 BCX0\">\u00a0de\u011ferlendirme sistemi ile; \u00fcretim s\u00fcre\u00e7lerimizde kulland\u0131\u011f\u0131m\u0131z t\u00fcm hammadde, malzeme,\u00a0<\/span><\/span><span class=\"TextRun Highlight SCXW91459230 BCX0\" lang=\"TR-TR\" xml:lang=\"TR-TR\" data-contrast=\"none\"><span class=\"SpellingError SCXW91459230 BCX0\">kompanent<\/span><\/span><span class=\"TextRun Highlight SCXW91459230 BCX0\" lang=\"TR-TR\" xml:lang=\"TR-TR\" data-contrast=\"none\"><span class=\"NormalTextRun SCXW91459230 BCX0\">\u00a0al\u0131mlar\u0131n\u0131;\u00a0<\/span><\/span><span class=\"TextRun SCXW91459230 BCX0\" lang=\"TR-TR\" xml:lang=\"TR-TR\" data-contrast=\"auto\"><span class=\"NormalTextRun SCXW91459230 BCX0\">ERSAN MAK\u0130NE<\/span><\/span><span class=\"TextRun Highlight SCXW91459230 BCX0\" lang=\"TR-TR\" xml:lang=\"TR-TR\" data-contrast=\"none\"><span class=\"NormalTextRun SCXW91459230 BCX0\">\u00a0<\/span><\/span><span class=\"TextRun Highlight SCXW91459230 BCX0\" lang=\"TR-TR\" xml:lang=\"TR-TR\" data-contrast=\"none\"><span class=\"NormalTextRun SCXW91459230 BCX0\">kriterlerine uygun hizmet verebilecek firmalar aras\u0131ndan \u00f6zenle\u00a0<\/span><\/span><span class=\"TextRun Highlight SCXW91459230 BCX0\" lang=\"TR-TR\" xml:lang=\"TR-TR\" data-contrast=\"none\"><span class=\"NormalTextRun SCXW91459230 BCX0\">se\u00e7iyoruz.<\/span><\/span><span class=\"LineBreakBlob BlobObject DragDrop SCXW91459230 BCX0\"><span class=\"SCXW91459230 BCX0\">\u00a0<\/span><br class=\"SCXW91459230 BCX0\" \/><\/span><span class=\"TextRun Highlight SCXW91459230 BCX0\" lang=\"TR-TR\" xml:lang=\"TR-TR\" data-contrast=\"none\"><span class=\"NormalTextRun SCXW91459230 BCX0\">\u202f<\/span><\/span><span class=\"LineBreakBlob BlobObject DragDrop SCXW91459230 BCX0\"><span class=\"SCXW91459230 BCX0\">\u00a0<\/span><br class=\"SCXW91459230 BCX0\" \/><\/span><span class=\"TextRun Highlight SCXW91459230 BCX0\" lang=\"TR-TR\" xml:lang=\"TR-TR\" data-contrast=\"none\"><span class=\"NormalTextRun SCXW91459230 BCX0\">\u00dcretimiz makinelerin\u00a0<\/span><\/span><span class=\"TextRun Highlight SCXW91459230 BCX0\" lang=\"TR-TR\" xml:lang=\"TR-TR\" data-contrast=\"none\"><span class=\"NormalTextRun SCXW91459230 BCX0\">her a\u015f<\/span><\/span><span class=\"TextRun Highlight SCXW91459230 BCX0\" lang=\"TR-TR\" xml:lang=\"TR-TR\" data-contrast=\"none\"><span class=\"NormalTextRun SCXW91459230 BCX0\">amas\u0131n\u0131 s\u00fcrekli kontrol alt\u0131nda tutarak,\u00a0<\/span><\/span><span class=\"TextRun Highlight SCXW91459230 BCX0\" lang=\"TR-TR\" xml:lang=\"TR-TR\" data-contrast=\"none\"><span class=\"NormalTextRun SCXW91459230 BCX0\">insan\u202f ve teknolojik yat\u0131r\u0131mdan ka\u00e7\u0131nmamaktay\u0131z.<\/span><\/span><span class=\"TextRun Highlight SCXW91459230 BCX0\" lang=\"TR-TR\" xml:lang=\"TR-TR\" data-contrast=\"none\"><span class=\"NormalTextRun SCXW91459230 BCX0\">\u00a0<\/span><\/span><span class=\"TextRun Highlight SCXW91459230 BCX0\" lang=\"TR-TR\" xml:lang=\"TR-TR\" data-contrast=\"none\"><span class=\"NormalTextRun SCXW91459230 BCX0\">Y\u00fcksek hassas<\/span><\/span><span class=\"TextRun Highlight SCXW91459230 BCX0\" lang=\"TR-TR\" xml:lang=\"TR-TR\" data-contrast=\"none\"><span class=\"NormalTextRun SCXW91459230 BCX0\">iyete sahip \u00f6l\u00e7\u00fcm aletleri, \u00f6l\u00e7\u00fcm cihazlar\u0131 ile\u00a0<\/span><\/span><span class=\"TextRun Highlight SCXW91459230 BCX0\" lang=\"TR-TR\" xml:lang=\"TR-TR\" data-contrast=\"none\"><span class=\"NormalTextRun SCXW91459230 BCX0\">kontrol ve kay\u0131tlar\u0131 ile \u00fcretimin her a\u015famas\u0131nda kaliteyi g\u00fcvence alt\u0131na almaktay\u0131z.\u00a0<\/span><\/span><span class=\"TextRun Highlight SCXW91459230 BCX0\" lang=\"TR-TR\" xml:lang=\"TR-TR\" data-contrast=\"none\"><span class=\"NormalTextRun SCXW91459230 BCX0\">makinelerimizde<\/span><\/span><span class=\"TextRun Highlight SCXW91459230 BCX0\" lang=\"TR-TR\" xml:lang=\"TR-TR\" data-contrast=\"none\"><span class=\"NormalTextRun SCXW91459230 BCX0\">\u00a0fonksiyonel\u00a0<\/span><\/span><span class=\"TextRun Highlight SCXW91459230 BCX0\" lang=\"TR-TR\" xml:lang=\"TR-TR\" data-contrast=\"none\"><span class=\"NormalTextRun SCXW91459230 BCX0\">olarak\u00a0<\/span><\/span><span class=\"TextRun Highlight SCXW91459230 BCX0\" lang=\"TR-TR\" xml:lang=\"TR-TR\" data-contrast=\"none\"><span class=\"NormalTextRun SCXW91459230 BCX0\">performans testlerinden ge\u00e7irerek, son kullan\u0131c\u0131lar\u0131m\u0131za sorunsuz \u00fcr\u00fcn teslimi ger\u00e7ekle\u015ftirmekteyiz.\u202f<\/span><\/span><span class=\"LineBreakBlob BlobObject DragDrop SCXW91459230 BCX0\"><span class=\"SCXW91459230 BCX0\">\u00a0<\/span><br class=\"SCXW91459230 BCX0\" \/><\/span><span class=\"TextRun Highlight SCXW91459230 BCX0\" lang=\"TR-TR\" xml:lang=\"TR-TR\" data-contrast=\"none\"><span class=\"NormalTextRun SCXW91459230 BCX0\">\u202f<\/span><\/span><span class=\"LineBreakBlob BlobObject DragDrop SCXW91459230 BCX0\"><span class=\"SCXW91459230 BCX0\">\u00a0<\/span><br class=\"SCXW91459230 BCX0\" \/><\/span><span class=\"TextRun Highlight SCXW91459230 BCX0\" lang=\"TR-TR\" xml:lang=\"TR-TR\" data-contrast=\"none\"><span class=\"NormalTextRun SCXW91459230 BCX0\">D\u00fczeltici de\u011fil, \u00f6nleyici faaliyetler ile;\u00a0<\/span><\/span><span class=\"TextRun Highlight SCXW91459230 BCX0\" lang=\"TR-TR\" xml:lang=\"TR-TR\" data-contrast=\"none\"><span class=\"NormalTextRun SCXW91459230 BCX0\">makinelerimizin<\/span><\/span><span class=\"TextRun Highlight SCXW91459230 BCX0\" lang=\"TR-TR\" xml:lang=\"TR-TR\" data-contrast=\"none\"><span class=\"NormalTextRun SCXW91459230 BCX0\">\u00a0tasar\u0131m ve \u00fcretiminde kar\u015f\u0131la\u015f\u0131labilecek sorunlar\u0131n\u0131, \u00f6ng\u00f6r\u00fcp gerekli \u00f6nlemleri alan\u202f\u00a0<\/span><\/span><span class=\"TextRun Highlight SCXW91459230 BCX0\" lang=\"TR-TR\" xml:lang=\"TR-TR\" data-contrast=\"none\"><span class=\"SpellingError SCXW91459230 BCX0\">proaktif<\/span><\/span><span class=\"TextRun Highlight SCXW91459230 BCX0\" lang=\"TR-TR\" xml:lang=\"TR-TR\" data-contrast=\"none\"><span class=\"NormalTextRun SCXW91459230 BCX0\">\u00a0bir yakla\u015f\u0131m\u0131 ilke\u00a0<\/span><\/span><span class=\"TextRun Highlight SCXW91459230 BCX0\" lang=\"TR-TR\" xml:lang=\"TR-TR\" data-contrast=\"none\"><span class=\"SpellingError SCXW91459230 BCX0\">edinmekteyiz.T\u00fcm<\/span><\/span><span class=\"TextRun Highlight SCXW91459230 BCX0\" lang=\"TR-TR\" xml:lang=\"TR-TR\" data-contrast=\"none\"><span class=\"NormalTextRun SCXW91459230 BCX0\">\u00a0<\/span><\/span><span class=\"TextRun Highlight SCXW91459230 BCX0\" lang=\"TR-TR\" xml:lang=\"TR-TR\" data-contrast=\"none\"><span class=\"SpellingError SCXW91459230 BCX0\">organizasyonel<\/span><\/span><span class=\"TextRun Highlight SCXW91459230 BCX0\" lang=\"TR-TR\" xml:lang=\"TR-TR\" data-contrast=\"none\"><span class=\"NormalTextRun SCXW91459230 BCX0\">\u202f s\u00fcre\u00e7leri denetleyerek, \u00fcst y\u00f6netime raporlayan bir sistem ile; kurumsal performans\u0131 en \u00fcst seviyede tutmaktay\u0131z.<\/span><\/span><span class=\"EOP SCXW91459230 BCX0\" data-ccp-props=\"{}\">\u00a0<\/span><\/p>\t\t\t\t\t\t\t\t<\/div>\n\t\t\t\t<\/div>\n\t\t\t\t\t<\/div>\n\t\t<\/div>\n\t\t\t\t<div class=\"elementor-column elementor-col-50 elementor-top-column elementor-element elementor-element-e4cff06\" data-id=\"e4cff06\" data-element_type=\"column\" data-e-type=\"column\">\n\t\t\t<div class=\"elementor-widget-wrap elementor-element-populated\">\n\t\t\t\t\t\t<div class=\"elementor-element elementor-element-bc4d4ec elementor-widget elementor-widget-image\" data-id=\"bc4d4ec\" data-element_type=\"widget\" data-e-type=\"widget\" data-widget_type=\"image.default\">\n\t\t\t\t<div class=\"elementor-widget-container\">\n\t\t\t\t\t\t\t\t\t\t\t\t\t\t\t<img fetchpriority=\"high\" decoding=\"async\" width=\"1200\" height=\"1127\" src=\"https:\/\/www.ersanmachine.com\/wp-content\/uploads\/2021\/01\/KALITE-VE-GUVENCE.jpg\" class=\"attachment-large size-large wp-image-3643\" alt=\"\" srcset=\"https:\/\/www.ersanmachine.com\/wp-content\/uploads\/2021\/01\/KALITE-VE-GUVENCE.jpg 1227w, https:\/\/www.ersanmachine.com\/wp-content\/uploads\/2021\/01\/KALITE-VE-GUVENCE-640x601.jpg 640w, https:\/\/www.ersanmachine.com\/wp-content\/uploads\/2021\/01\/KALITE-VE-GUVENCE-1024x961.jpg 1024w, https:\/\/www.ersanmachine.com\/wp-content\/uploads\/2021\/01\/KALITE-VE-GUVENCE-320x300.jpg 320w\" sizes=\"(max-width: 1200px) 100vw, 1200px\" \/>\t\t\t\t\t\t\t\t\t\t\t\t\t\t\t<\/div>\n\t\t\t\t<\/div>\n\t\t\t\t\t<\/div>\n\t\t<\/div>\n\t\t\t\t\t<\/div>\n\t\t<\/section>\n\t\t\t\t<\/div>\n\t\t","protected":false},"excerpt":{"rendered":"<p>Kalite ve G\u00fcvence M\u00fc\u015fteri odakl\u0131 \u00e7al\u0131\u015fma k\u00fclt\u00fcr\u00fcn\u00fc benimsemi\u015f bir firma olarak; m\u00fc\u015fteri memnuniyetini en \u00fcst seviyede tutmak birinci \u00f6nceli\u011fimizdir.\u00a0Bu\u00a0sebeple\u00a0t\u00fcm s\u00fcre\u00e7lerimizi kaliteden \u00f6d\u00fcn vermeden ger\u00e7ekle\u015ftiriyoruz.\u00a0\u202f\u00a0D\u00fcnya markas\u0131 olan \u00e7\u00f6z\u00fcm ortaklar\u0131m\u0131z ile; \u00fcr\u00fcnlerimizde en kaliteli\u00a0kompanent\u00a0ve malzemeleri\u00a0kullanmaktay\u0131z.Tedarik\u00e7i\u00a0perfomans\u00a0de\u011ferlendirme sistemi ile; \u00fcretim s\u00fcre\u00e7lerimizde kulland\u0131\u011f\u0131m\u0131z t\u00fcm hammadde, malzeme,\u00a0kompanent\u00a0al\u0131mlar\u0131n\u0131;\u00a0ERSAN MAK\u0130NE\u00a0kriterlerine uygun hizmet verebilecek firmalar aras\u0131ndan \u00f6zenle\u00a0se\u00e7iyoruz.\u00a0\u202f\u00a0\u00dcretimiz makinelerin\u00a0her a\u015famas\u0131n\u0131 s\u00fcrekli kontrol alt\u0131nda tutarak,\u00a0insan\u202f ve [&hellip;]<\/p>\n","protected":false},"author":1,"featured_media":0,"parent":0,"menu_order":0,"comment_status":"closed","ping_status":"closed","template":"","meta":{"footnotes":""},"class_list":["post-3246","page","type-page","status-publish","hentry"],"_links":{"self":[{"href":"https:\/\/www.ersanmachine.com\/en\/wp-json\/wp\/v2\/pages\/3246","targetHints":{"allow":["GET"]}}],"collection":[{"href":"https:\/\/www.ersanmachine.com\/en\/wp-json\/wp\/v2\/pages"}],"about":[{"href":"https:\/\/www.ersanmachine.com\/en\/wp-json\/wp\/v2\/types\/page"}],"author":[{"embeddable":true,"href":"https:\/\/www.ersanmachine.com\/en\/wp-json\/wp\/v2\/users\/1"}],"replies":[{"embeddable":true,"href":"https:\/\/www.ersanmachine.com\/en\/wp-json\/wp\/v2\/comments?post=3246"}],"version-history":[{"count":3,"href":"https:\/\/www.ersanmachine.com\/en\/wp-json\/wp\/v2\/pages\/3246\/revisions"}],"predecessor-version":[{"id":3644,"href":"https:\/\/www.ersanmachine.com\/en\/wp-json\/wp\/v2\/pages\/3246\/revisions\/3644"}],"wp:attachment":[{"href":"https:\/\/www.ersanmachine.com\/en\/wp-json\/wp\/v2\/media?parent=3246"}],"curies":[{"name":"wp","href":"https:\/\/api.w.org\/{rel}","templated":true}]}}